{"id":1237,"date":"2025-03-31T12:21:56","date_gmt":"2025-03-31T12:21:56","guid":{"rendered":"http:\/\/freshgarlic.com\/?post_type=product&#038;p=1237"},"modified":"2025-03-31T12:29:25","modified_gmt":"2025-03-31T12:29:25","slug":"ya-pears","status":"publish","type":"product","link":"https:\/\/freshgarlic.com\/pt\/produto\/ya-peras\/","title":{"rendered":"Peras Ya"},"content":{"rendered":"<p><img fetchpriority=\"high\" decoding=\"async\" class=\"alignnone size-full wp-image-979 lazyload\" src=\"data:image\/gif;base64,R0lGODlhAQABAIAAAAAAAP\/\/\/yH5BAEAAAAALAAAAAABAAEAAAIBRAA7\" data-src=\"http:\/\/freshgarlic.com\/wp-content\/uploads\/2025\/03\/china-fruits-supplier-5.jpg\" alt=\"\" width=\"1000\" height=\"495\" \/><noscript><img decoding=\"async\" class=\"alignnone size-full wp-image-979 lazyload\" src=\"http:\/\/freshgarlic.com\/wp-content\/uploads\/2025\/03\/china-fruits-supplier-5.jpg\" alt=\"\" width=\"1000\" height=\"495\" srcset=\"https:\/\/freshgarlic.com\/wp-content\/uploads\/2025\/03\/china-fruits-supplier-5.jpg 1000w, https:\/\/freshgarlic.com\/wp-content\/uploads\/2025\/03\/china-fruits-supplier-5-800x396.jpg 800w, https:\/\/freshgarlic.com\/wp-content\/uploads\/2025\/03\/china-fruits-supplier-5-300x149.jpg 300w, https:\/\/freshgarlic.com\/wp-content\/uploads\/2025\/03\/china-fruits-supplier-5-768x380.jpg 768w, https:\/\/freshgarlic.com\/wp-content\/uploads\/2025\/03\/china-fruits-supplier-5-18x9.jpg 18w\" sizes=\"(max-width: 1000px) 100vw, 1000px\" \/><\/noscript><\/p>\n<p>1) Tamanhos: Todos os tipos de tamanhos, o di\u00e2metro \u00e9 60mm-65mm, 65mm-70mm, 70mm-75mm, 75mm-80mm e 80mm e acima. O peso m\u00e9dio de uma pera \u00e9 180g-300g, max. O peso pode chegar a 400g ou mais.<\/p>\n<p>2) Vantagens :<\/p>\n<p>* Tamanho grande, sem ferimentos, resistente para transporte e armazenamento<\/p>\n<p>*Boa forma, estaladi\u00e7a e deliciosa<\/p>\n<p>*Rico em vitaminas, minerais e nutrientes que s\u00e3o ben\u00e9ficos para a nossa sa\u00fade<\/p>\n<p>* Teor de s\u00f3lidos sol\u00faveis do fruto de 15,3%-16%, teor de acidez de 0,2%-0,4%, teor de a\u00e7\u00facar t\u00e3o elevado quanto 17%<\/p>\n<p>3) Per\u00edodo de fornecimento: durante todo o ano (do fim de setembro ao pr\u00f3ximo m\u00eas de julho)<\/p>\n<div class=\"container section-title-container\">\n<h3 class=\"section-title section-title-normal\"><span id=\"Package\" class=\"ez-toc-section\"><\/span><span class=\"section-title-main\">Embalagem<\/span><\/h3>\n<p>&nbsp;<\/p>\n<\/div>\n<p>1) Embalagem interior:<\/p>\n<p>Com um saco de pl\u00e1stico fresco e conservado, uma salva de papel em cada camada, uma folha de espuma no topo e cada pera com uma rede:<\/p>\n<p>2) Embalagem exterior:<\/p>\n<p>1&gt; 5kg\/CTN para os tamanhos: 12,14,16,18,20 e 22<\/p>\n<p>2&gt; 9kg\/CTN para os tamanhos: 24,28,32,36,40 e 44<\/p>\n<p>3&gt; 10kg\/CTN para os tamanhos: 24,28,32,36,40 e 44<\/p>\n<p>4&gt; 15kg\/ CTN para os tamanhos: 54,60,66,80 e 90<\/p>\n<p>5&gt; 18kg\/CTN para os tamanhos: 64,72,80,88,100,125,138,150,163 e 175<\/p>\n<p>6&gt; 20 kg\/CTN para os tamanhos: 64, 72, 80, 88, 100, 113, 125, 138, 150, 163, 175, 198 e 216<\/p>\n<p>3) Embalagem personalizada: de acordo com os requisitos do cliente<\/p>\n<div class=\"container section-title-container\">\n<h3 class=\"section-title section-title-normal\"><span id=\"Shipment_and_Loading\" class=\"ez-toc-section\"><\/span><span class=\"section-title-main\">Expedi\u00e7\u00e3o e carregamento<\/span><\/h3>\n<p>&nbsp;<\/p>\n<\/div>\n<p>1) A pera \u00e9 expedida em contentor frigor\u00edfico.<\/p>\n<p>2) Se embalado em 10kg\/caixa, um contentor frigor\u00edfico de 40 p\u00e9s pode carregar 2254 CTNS<\/p>\n<p>3) Se a embalagem for de 15 kg\/caixa, um contentor frigor\u00edfico de 40 p\u00e9s pode carregar 1661 CTNS.<\/p>\n<p>4) Se a embalagem for de 18 kg\/caixa, um contentor frigor\u00edfico de 40 p\u00e9s pode carregar 1288 CTNS.<\/p>\n<p>5) Se a embalagem for de 18 kg\/caixa, um contentor frigor\u00edfico de 40 p\u00e9s pode carregar 1300 CTNS.<\/p>","protected":false},"excerpt":{"rendered":"<p>Variedade\uff1aPera Ya, Pera Dourada, Pera de Shandong, Pera Su, Pera Coroa<br \/>\nArmazenamento\uff1a0~3 \u00b0C<br \/>\nPorto de carga\uff1aQingdao, China<br \/>\nCapacidade de fornecimento: 1000 toneladas por m\u00eas<\/p>","protected":false},"featured_media":1231,"template":"","meta":{"site-sidebar-layout":"default","site-content-layout":"","ast-site-content-layout":"default","site-content-style":"default","site-sidebar-style":"default","ast-global-header-display":"","ast-banner-title-visibility":"","ast-main-header-display":"","ast-hfb-above-header-display":"","ast-hfb-below-header-display":"","ast-hfb-mobile-header-display":"","site-post-title":"","ast-breadcrumbs-content":"","ast-featured-img":"","footer-sml-layout":"","theme-transparent-header-meta":"default","adv-header-id-meta":"","stick-header-meta":"","header-above-stick-meta":"","header-main-stick-meta":"","header-below-stick-meta":"","astra-migrate-meta-layouts":"set","ast-page-background-enabled":"default","ast-page-background-meta":{"desktop":{"background-color":"var(--ast-global-color-5)","background-image":"","background-repeat":"repeat","background-position":"center center","background-size":"auto","background-attachment":"scroll","background-type":"","background-media":"","overlay-type":"","overlay-color":"","overlay-opacity":"","overlay-gradient":""},"tablet":{"background-color":"","background-image":"","background-repeat":"repeat","background-position":"center center","background-size":"auto","background-attachment":"scroll","background-type":"","background-media":"","overlay-type":"","overlay-color":"","overlay-opacity":"","overlay-gradient":""},"mobile":{"background-color":"","background-image":"","background-repeat":"repeat","background-position":"center center","background-size":"auto","background-attachment":"scroll","background-type":"","background-media":"","overlay-type":"","overlay-color":"","overlay-opacity":"","overlay-gradient":""}},"ast-content-background-meta":{"desktop":{"background-color":"var(--ast-global-color-4)","background-image":"","background-repeat":"repeat","background-position":"center center","background-size":"auto","background-attachment":"scroll","background-type":"","background-media":"","overlay-type":"","overlay-color":"","overlay-opacity":"","overlay-gradient":""},"tablet":{"background-color":"var(--ast-global-color-4)","background-image":"","background-repeat":"repeat","background-position":"center center","background-size":"auto","background-attachment":"scroll","background-type":"","background-media":"","overlay-type":"","overlay-color":"","overlay-opacity":"","overlay-gradient":""},"mobile":{"background-color":"var(--ast-global-color-4)","background-image":"","background-repeat":"repeat","background-position":"center center","background-size":"auto","background-attachment":"scroll","background-type":"","background-media":"","overlay-type":"","overlay-color":"","overlay-opacity":"","overlay-gradient":""}}},"product_brand":[],"product_cat":[38,18],"product_tag":[],"class_list":{"0":"post-1237","1":"product","2":"type-product","3":"status-publish","4":"has-post-thumbnail","6":"product_cat-fresh-fruits-vegetables","7":"product_cat-products","8":"wcmi-has-gallery","9":"desktop-align-left","10":"tablet-align-left","11":"mobile-align-left","13":"first","14":"instock","15":"shipping-taxable","16":"product-type-simple"},"_links":{"self":[{"href":"https:\/\/freshgarlic.com\/pt\/wp-json\/wp\/v2\/product\/1237","targetHints":{"allow":["GET"]}}],"collection":[{"href":"https:\/\/freshgarlic.com\/pt\/wp-json\/wp\/v2\/product"}],"about":[{"href":"https:\/\/freshgarlic.com\/pt\/wp-json\/wp\/v2\/types\/product"}],"wp:featuredmedia":[{"embeddable":true,"href":"https:\/\/freshgarlic.com\/pt\/wp-json\/wp\/v2\/media\/1231"}],"wp:attachment":[{"href":"https:\/\/freshgarlic.com\/pt\/wp-json\/wp\/v2\/media?parent=1237"}],"wp:term":[{"taxonomy":"product_brand","embeddable":true,"href":"https:\/\/freshgarlic.com\/pt\/wp-json\/wp\/v2\/product_brand?post=1237"},{"taxonomy":"product_cat","embeddable":true,"href":"https:\/\/freshgarlic.com\/pt\/wp-json\/wp\/v2\/product_cat?post=1237"},{"taxonomy":"product_tag","embeddable":true,"href":"https:\/\/freshgarlic.com\/pt\/wp-json\/wp\/v2\/product_tag?post=1237"}],"curies":[{"name":"wp","href":"https:\/\/api.w.org\/{rel}","templated":true}]}}