{"id":1028,"date":"2025-03-22T13:31:57","date_gmt":"2025-03-22T13:31:57","guid":{"rendered":"http:\/\/freshgarlic.com\/?post_type=product&#038;p=1028"},"modified":"2025-04-14T01:17:16","modified_gmt":"2025-04-14T01:17:16","slug":"fresh-yellow-onion","status":"publish","type":"product","link":"https:\/\/freshgarlic.com\/pt\/produto\/cebola-amarela-fresca\/","title":{"rendered":"Cebola amarela fresca"},"content":{"rendered":"<p><img fetchpriority=\"high\" decoding=\"async\" class=\"alignnone size-full wp-image-1058 lazyload\" src=\"data:image\/gif;base64,R0lGODlhAQABAIAAAAAAAP\/\/\/yH5BAEAAAAALAAAAAABAAEAAAIBRAA7\" data-src=\"https:\/\/freshgarlic.com\/wp-content\/uploads\/2025\/03\/onion-china-supplier.jpg\" alt=\"\" width=\"1000\" height=\"496\" \/><noscript><img decoding=\"async\" class=\"alignnone size-full wp-image-1058 lazyload\" src=\"https:\/\/freshgarlic.com\/wp-content\/uploads\/2025\/03\/onion-china-supplier.jpg\" alt=\"\" width=\"1000\" height=\"496\" srcset=\"https:\/\/freshgarlic.com\/wp-content\/uploads\/2025\/03\/onion-china-supplier.jpg 1000w, https:\/\/freshgarlic.com\/wp-content\/uploads\/2025\/03\/onion-china-supplier-300x149.jpg 300w, https:\/\/freshgarlic.com\/wp-content\/uploads\/2025\/03\/onion-china-supplier-768x381.jpg 768w, https:\/\/freshgarlic.com\/wp-content\/uploads\/2025\/03\/onion-china-supplier-18x9.jpg 18w, https:\/\/freshgarlic.com\/wp-content\/uploads\/2025\/03\/onion-china-supplier-800x397.jpg 800w\" sizes=\"(max-width: 1000px) 100vw, 1000px\" \/><\/noscript><\/p>\n<div class=\"magic-17\">As cebolas chinesas s\u00e3o bem conhecidas como a melhor qualidade com pre\u00e7o barato durante muitos anos.<\/div>\n<div class=\"magic-21\">\n<div class=\"magic-22\">\n<div class=\"magic-23\">\n<div>Temos a nossa pr\u00f3pria quinta, f\u00e1brica de transforma\u00e7\u00e3o, armaz\u00e9m frigor\u00edfico, armaz\u00e9m e outras liga\u00e7\u00f5es para garantir elevados padr\u00f5es de qualidade.<\/div>\n<div>Mais de 90% de cebolas chinesas para exporta\u00e7\u00e3o da China s\u00e3o provenientes das prov\u00edncias de Shandong e Gansu,<\/div>\n<div data-spm-anchor-id=\"a2700.details.0.i53.154631d6RNNpiM\">Isto ajuda as cebolas chinesas a serem populares em todo o mundo.<\/div>\n<div data-spm-anchor-id=\"a2700.details.0.i53.154631d6RNNpiM\"><img decoding=\"async\" class=\"alignnone wp-image-1274 lazyload\" src=\"data:image\/gif;base64,R0lGODlhAQABAIAAAAAAAP\/\/\/yH5BAEAAAAALAAAAAABAAEAAAIBRAA7\" data-src=\"https:\/\/freshgarlic.com\/wp-content\/uploads\/2025\/03\/\u5fae\u4fe1\u622a\u56fe_20250414090811.jpg\" alt=\"\" width=\"997\" height=\"544\" \/><noscript><img loading=\"lazy\" decoding=\"async\" class=\"alignnone wp-image-1274 lazyload\" src=\"https:\/\/freshgarlic.com\/wp-content\/uploads\/2025\/03\/\u5fae\u4fe1\u622a\u56fe_20250414090811.jpg\" alt=\"\" width=\"997\" height=\"544\" srcset=\"https:\/\/freshgarlic.com\/wp-content\/uploads\/2025\/03\/\u5fae\u4fe1\u622a\u56fe_20250414090811.jpg 1041w, https:\/\/freshgarlic.com\/wp-content\/uploads\/2025\/03\/\u5fae\u4fe1\u622a\u56fe_20250414090811-300x164.jpg 300w, https:\/\/freshgarlic.com\/wp-content\/uploads\/2025\/03\/\u5fae\u4fe1\u622a\u56fe_20250414090811-1024x559.jpg 1024w, https:\/\/freshgarlic.com\/wp-content\/uploads\/2025\/03\/\u5fae\u4fe1\u622a\u56fe_20250414090811-768x419.jpg 768w, https:\/\/freshgarlic.com\/wp-content\/uploads\/2025\/03\/\u5fae\u4fe1\u622a\u56fe_20250414090811-18x10.jpg 18w, https:\/\/freshgarlic.com\/wp-content\/uploads\/2025\/03\/\u5fae\u4fe1\u622a\u56fe_20250414090811-800x437.jpg 800w\" sizes=\"(max-width: 997px) 100vw, 997px\" \/><\/noscript><\/div>\n<\/div>\n<\/div>\n<\/div>","protected":false},"excerpt":{"rendered":"<div class=\"magic-17\">\n<div data-spm-anchor-id=\"a2700.details.0.i53.154631d6RNNpiM\">Cebola amarela fresca<\/div>\n<div data-spm-anchor-id=\"a2700.details.0.i53.154631d6RNNpiM\"><\/div>\n<div data-spm-anchor-id=\"a2700.details.0.i53.154631d6RNNpiM\">Tamanho :<\/div>\n<div data-spm-anchor-id=\"a2700.details.0.i53.154631d6RNNpiM\">5-7cm, 5-8cm, 8cm e acima<\/div>\n<div data-spm-anchor-id=\"a2700.details.0.i53.154631d6RNNpiM\">Embalagem\uff1a<\/div>\n<div data-spm-anchor-id=\"a2700.details.0.i53.154631d6RNNpiM\">3kg\/5kg\/10kg\/20kg\/25kg Saco de malha, como seu pedido<\/div>\n<\/div>","protected":false},"featured_media":940,"template":"","meta":{"site-sidebar-layout":"default","site-content-layout":"","ast-site-content-layout":"default","site-content-style":"default","site-sidebar-style":"default","ast-global-header-display":"","ast-banner-title-visibility":"","ast-main-header-display":"","ast-hfb-above-header-display":"","ast-hfb-below-header-display":"","ast-hfb-mobile-header-display":"","site-post-title":"","ast-breadcrumbs-content":"","ast-featured-img":"","footer-sml-layout":"","theme-transparent-header-meta":"default","adv-header-id-meta":"","stick-header-meta":"","header-above-stick-meta":"","header-main-stick-meta":"","header-below-stick-meta":"","astra-migrate-meta-layouts":"set","ast-page-background-enabled":"default","ast-page-background-meta":{"desktop":{"background-color":"var(--ast-global-color-5)","background-image":"","background-repeat":"repeat","background-position":"center center","background-size":"auto","background-attachment":"scroll","background-type":"","background-media":"","overlay-type":"","overlay-color":"","overlay-opacity":"","overlay-gradient":""},"tablet":{"background-color":"","background-image":"","background-repeat":"repeat","background-position":"center center","background-size":"auto","background-attachment":"scroll","background-type":"","background-media":"","overlay-type":"","overlay-color":"","overlay-opacity":"","overlay-gradient":""},"mobile":{"background-color":"","background-image":"","background-repeat":"repeat","background-position":"center center","background-size":"auto","background-attachment":"scroll","background-type":"","background-media":"","overlay-type":"","overlay-color":"","overlay-opacity":"","overlay-gradient":""}},"ast-content-background-meta":{"desktop":{"background-color":"var(--ast-global-color-4)","background-image":"","background-repeat":"repeat","background-position":"center center","background-size":"auto","background-attachment":"scroll","background-type":"","background-media":"","overlay-type":"","overlay-color":"","overlay-opacity":"","overlay-gradient":""},"tablet":{"background-color":"var(--ast-global-color-4)","background-image":"","background-repeat":"repeat","background-position":"center center","background-size":"auto","background-attachment":"scroll","background-type":"","background-media":"","overlay-type":"","overlay-color":"","overlay-opacity":"","overlay-gradient":""},"mobile":{"background-color":"var(--ast-global-color-4)","background-image":"","background-repeat":"repeat","background-position":"center center","background-size":"auto","background-attachment":"scroll","background-type":"","background-media":"","overlay-type":"","overlay-color":"","overlay-opacity":"","overlay-gradient":""}}},"product_brand":[],"product_cat":[23,18],"product_tag":[],"class_list":{"0":"post-1028","1":"product","2":"type-product","3":"status-publish","4":"has-post-thumbnail","6":"product_cat-fresh-onion","7":"product_cat-products","8":"wcmi-has-gallery","9":"desktop-align-left","10":"tablet-align-left","11":"mobile-align-left","13":"first","14":"instock","15":"shipping-taxable","16":"product-type-simple"},"_links":{"self":[{"href":"https:\/\/freshgarlic.com\/pt\/wp-json\/wp\/v2\/product\/1028","targetHints":{"allow":["GET"]}}],"collection":[{"href":"https:\/\/freshgarlic.com\/pt\/wp-json\/wp\/v2\/product"}],"about":[{"href":"https:\/\/freshgarlic.com\/pt\/wp-json\/wp\/v2\/types\/product"}],"wp:featuredmedia":[{"embeddable":true,"href":"https:\/\/freshgarlic.com\/pt\/wp-json\/wp\/v2\/media\/940"}],"wp:attachment":[{"href":"https:\/\/freshgarlic.com\/pt\/wp-json\/wp\/v2\/media?parent=1028"}],"wp:term":[{"taxonomy":"product_brand","embeddable":true,"href":"https:\/\/freshgarlic.com\/pt\/wp-json\/wp\/v2\/product_brand?post=1028"},{"taxonomy":"product_cat","embeddable":true,"href":"https:\/\/freshgarlic.com\/pt\/wp-json\/wp\/v2\/product_cat?post=1028"},{"taxonomy":"product_tag","embeddable":true,"href":"https:\/\/freshgarlic.com\/pt\/wp-json\/wp\/v2\/product_tag?post=1028"}],"curies":[{"name":"wp","href":"https:\/\/api.w.org\/{rel}","templated":true}]}}