{"id":1015,"date":"2025-03-22T08:51:55","date_gmt":"2025-03-22T08:51:55","guid":{"rendered":"http:\/\/freshgarlic.com\/?post_type=product&#038;p=1015"},"modified":"2025-06-05T01:18:51","modified_gmt":"2025-06-05T01:18:51","slug":"fresh-peeled-garlic-manufactory","status":"publish","type":"product","link":"https:\/\/freshgarlic.com\/pt\/produto\/fabrico-de-alho-fresco-descascado\/","title":{"rendered":"Alho fresco descascado 0.5LBs\/3LBs\/1kg Saco de v\u00e1cuo"},"content":{"rendered":"<p><img fetchpriority=\"high\" decoding=\"async\" class=\"alignnone size-full wp-image-970 lazyload\" src=\"data:image\/gif;base64,R0lGODlhAQABAIAAAAAAAP\/\/\/yH5BAEAAAAALAAAAAABAAEAAAIBRAA7\" data-src=\"http:\/\/freshgarlic.com\/wp-content\/uploads\/2025\/03\/china-peeled-garlic-supplier-1.jpg\" alt=\"\" width=\"1000\" height=\"484\" \/><noscript><img decoding=\"async\" class=\"alignnone size-full wp-image-970 lazyload\" src=\"http:\/\/freshgarlic.com\/wp-content\/uploads\/2025\/03\/china-peeled-garlic-supplier-1.jpg\" alt=\"\" width=\"1000\" height=\"484\" srcset=\"https:\/\/freshgarlic.com\/wp-content\/uploads\/2025\/03\/china-peeled-garlic-supplier-1.jpg 1000w, https:\/\/freshgarlic.com\/wp-content\/uploads\/2025\/03\/china-peeled-garlic-supplier-1-800x387.jpg 800w, https:\/\/freshgarlic.com\/wp-content\/uploads\/2025\/03\/china-peeled-garlic-supplier-1-300x145.jpg 300w, https:\/\/freshgarlic.com\/wp-content\/uploads\/2025\/03\/china-peeled-garlic-supplier-1-768x372.jpg 768w, https:\/\/freshgarlic.com\/wp-content\/uploads\/2025\/03\/china-peeled-garlic-supplier-1-18x9.jpg 18w\" sizes=\"(max-width: 1000px) 100vw, 1000px\" \/><\/noscript><\/p>\n<p><img decoding=\"async\" class=\"alignnone size-full wp-image-972 lazyload\" src=\"data:image\/gif;base64,R0lGODlhAQABAIAAAAAAAP\/\/\/yH5BAEAAAAALAAAAAABAAEAAAIBRAA7\" data-src=\"http:\/\/freshgarlic.com\/wp-content\/uploads\/2025\/03\/china-peeled-garlic-supplier-3.jpg\" alt=\"\" width=\"1000\" height=\"496\" \/><noscript><img loading=\"lazy\" decoding=\"async\" class=\"alignnone size-full wp-image-972 lazyload\" src=\"http:\/\/freshgarlic.com\/wp-content\/uploads\/2025\/03\/china-peeled-garlic-supplier-3.jpg\" alt=\"\" width=\"1000\" height=\"496\" srcset=\"https:\/\/freshgarlic.com\/wp-content\/uploads\/2025\/03\/china-peeled-garlic-supplier-3.jpg 1000w, https:\/\/freshgarlic.com\/wp-content\/uploads\/2025\/03\/china-peeled-garlic-supplier-3-800x397.jpg 800w, https:\/\/freshgarlic.com\/wp-content\/uploads\/2025\/03\/china-peeled-garlic-supplier-3-300x149.jpg 300w, https:\/\/freshgarlic.com\/wp-content\/uploads\/2025\/03\/china-peeled-garlic-supplier-3-768x381.jpg 768w, https:\/\/freshgarlic.com\/wp-content\/uploads\/2025\/03\/china-peeled-garlic-supplier-3-18x9.jpg 18w\" sizes=\"(max-width: 1000px) 100vw, 1000px\" \/><\/noscript><\/p>\n<div class=\"elementor-element elementor-element-146dc5b elementor-widget elementor-widget-heading\" data-id=\"146dc5b\" data-element_type=\"widget\" data-widget_type=\"heading.default\">\n<div class=\"elementor-widget-container\"><\/div>\n<\/div>\n<div class=\"elementor-element elementor-element-f2d5cb2 elementor-widget elementor-widget-text-editor\" data-id=\"f2d5cb2\" data-element_type=\"widget\" data-widget_type=\"text-editor.default\">\n<div class=\"elementor-widget-container\">\n<p>&nbsp;<\/p>\n<div class=\"elementor-element elementor-element-382e4b1 elementor-widget elementor-widget-heading\" data-id=\"382e4b1\" data-element_type=\"widget\" data-widget_type=\"heading.default\">\n<div class=\"elementor-widget-container\">\n<h2 class=\"elementor-heading-title elementor-size-default\"><img loading=\"lazy\" decoding=\"async\" class=\"alignnone size-full wp-image-974 lazyload\" style=\"font-size: 16px; font-style: inherit; font-weight: inherit;\" src=\"data:image\/gif;base64,R0lGODlhAQABAIAAAAAAAP\/\/\/yH5BAEAAAAALAAAAAABAAEAAAIBRAA7\" data-src=\"http:\/\/freshgarlic.com\/wp-content\/uploads\/2025\/03\/china-peeled-garlic-supplier-5.jpg\" alt=\"\" width=\"1000\" height=\"919\" \/><noscript><img loading=\"lazy\" decoding=\"async\" class=\"alignnone size-full wp-image-974 lazyload\" style=\"font-size: 16px; font-style: inherit; font-weight: inherit;\" src=\"http:\/\/freshgarlic.com\/wp-content\/uploads\/2025\/03\/china-peeled-garlic-supplier-5.jpg\" alt=\"\" width=\"1000\" height=\"919\" srcset=\"https:\/\/freshgarlic.com\/wp-content\/uploads\/2025\/03\/china-peeled-garlic-supplier-5.jpg 1000w, https:\/\/freshgarlic.com\/wp-content\/uploads\/2025\/03\/china-peeled-garlic-supplier-5-800x735.jpg 800w, https:\/\/freshgarlic.com\/wp-content\/uploads\/2025\/03\/china-peeled-garlic-supplier-5-300x276.jpg 300w, https:\/\/freshgarlic.com\/wp-content\/uploads\/2025\/03\/china-peeled-garlic-supplier-5-768x706.jpg 768w, https:\/\/freshgarlic.com\/wp-content\/uploads\/2025\/03\/china-peeled-garlic-supplier-5-13x12.jpg 13w\" sizes=\"(max-width: 1000px) 100vw, 1000px\" \/><\/noscript><\/h2>\n<\/div>\n<\/div>\n<\/div>\n<\/div>","protected":false},"excerpt":{"rendered":"<div class=\"elementor-element elementor-element-c8267ce elementor-widget elementor-widget-text-editor\" data-id=\"c8267ce\" data-element_type=\"widget\" data-widget_type=\"text-editor.default\">\n<div class=\"elementor-widget-container\">\n<div class=\"elementor-element elementor-element-146dc5b elementor-widget elementor-widget-heading\" data-id=\"146dc5b\" data-element_type=\"widget\" data-widget_type=\"heading.default\">\n<div class=\"elementor-widget-container\">\n<h2 class=\"elementor-heading-title elementor-size-default\">EMBALAGEM<\/h2>\n<\/div>\n<\/div>\n<div class=\"elementor-element elementor-element-a942643 elementor-widget-divider--view-line elementor-widget elementor-widget-divider\" data-id=\"a942643\" data-element_type=\"widget\" data-widget_type=\"divider.default\">\n<div class=\"elementor-widget-container\">\n<div class=\"elementor-divider\"><\/div>\n<\/div>\n<\/div>\n<div class=\"elementor-element elementor-element-c8267ce elementor-widget elementor-widget-text-editor\" data-id=\"c8267ce\" data-element_type=\"widget\" data-widget_type=\"text-editor.default\">\n<div class=\"elementor-widget-container\">\n<h3><b>Embalagem pequena<\/b><\/h3>\n<p>Saco de v\u00e1cuo de 1Kg* 10 em caixa de 10Kg<\/p>\n<p>1kg Kar em caixa de 10Kg<br \/>\nSaco de 2,5Kg*4 em caixa de 10Kg<br \/>\nSaco de 5Kg*2 em caixa de 10Kg<\/p>\n<p>Frasco de 5LBs*4 em caixa de 20LBs<br \/>\nSaco de 5LBs*6 em caixa de 30LBs<br \/>\nDe acordo com os requisitos do cliente<\/p>\n<\/div>\n<\/div>\n<div class=\"elementor-element elementor-element-f2d5cb2 elementor-widget elementor-widget-text-editor\" data-id=\"f2d5cb2\" data-element_type=\"widget\" data-widget_type=\"text-editor.default\">\n<div class=\"elementor-widget-container\">\n<h3>Expedi\u00e7\u00e3o<\/h3>\n<p>Condi\u00e7\u00f5es de pagamento:30\/60 dias<\/p>\n<p>Exporta\u00e7\u00f5es para mais de 150 pa\u00edses e regi\u00f5es.<\/p>\n<p>Metros quadrados de \u00e1rea de f\u00e1brica: 5000\u33a1<\/p>\n<\/div>\n<\/div>\n<\/div>\n<\/div>","protected":false},"featured_media":876,"template":"","meta":{"site-sidebar-layout":"default","site-content-layout":"","ast-site-content-layout":"default","site-content-style":"default","site-sidebar-style":"default","ast-global-header-display":"","ast-banner-title-visibility":"","ast-main-header-display":"","ast-hfb-above-header-display":"","ast-hfb-below-header-display":"","ast-hfb-mobile-header-display":"","site-post-title":"","ast-breadcrumbs-content":"","ast-featured-img":"","footer-sml-layout":"","theme-transparent-header-meta":"default","adv-header-id-meta":"","stick-header-meta":"","header-above-stick-meta":"","header-main-stick-meta":"","header-below-stick-meta":"","astra-migrate-meta-layouts":"set","ast-page-background-enabled":"default","ast-page-background-meta":{"desktop":{"background-color":"var(--ast-global-color-5)","background-image":"","background-repeat":"repeat","background-position":"center center","background-size":"auto","background-attachment":"scroll","background-type":"","background-media":"","overlay-type":"","overlay-color":"","overlay-opacity":"","overlay-gradient":""},"tablet":{"background-color":"","background-image":"","background-repeat":"repeat","background-position":"center center","background-size":"auto","background-attachment":"scroll","background-type":"","background-media":"","overlay-type":"","overlay-color":"","overlay-opacity":"","overlay-gradient":""},"mobile":{"background-color":"","background-image":"","background-repeat":"repeat","background-position":"center center","background-size":"auto","background-attachment":"scroll","background-type":"","background-media":"","overlay-type":"","overlay-color":"","overlay-opacity":"","overlay-gradient":""}},"ast-content-background-meta":{"desktop":{"background-color":"var(--ast-global-color-4)","background-image":"","background-repeat":"repeat","background-position":"center center","background-size":"auto","background-attachment":"scroll","background-type":"","background-media":"","overlay-type":"","overlay-color":"","overlay-opacity":"","overlay-gradient":""},"tablet":{"background-color":"var(--ast-global-color-4)","background-image":"","background-repeat":"repeat","background-position":"center center","background-size":"auto","background-attachment":"scroll","background-type":"","background-media":"","overlay-type":"","overlay-color":"","overlay-opacity":"","overlay-gradient":""},"mobile":{"background-color":"var(--ast-global-color-4)","background-image":"","background-repeat":"repeat","background-position":"center center","background-size":"auto","background-attachment":"scroll","background-type":"","background-media":"","overlay-type":"","overlay-color":"","overlay-opacity":"","overlay-gradient":""}}},"product_brand":[],"product_cat":[20,18],"product_tag":[],"class_list":{"0":"post-1015","1":"product","2":"type-product","3":"status-publish","4":"has-post-thumbnail","6":"product_cat-fresh-peeled-garlic","7":"product_cat-products","8":"wcmi-has-gallery","9":"desktop-align-left","10":"tablet-align-left","11":"mobile-align-left","13":"first","14":"instock","15":"shipping-taxable","16":"product-type-simple"},"_links":{"self":[{"href":"https:\/\/freshgarlic.com\/pt\/wp-json\/wp\/v2\/product\/1015","targetHints":{"allow":["GET"]}}],"collection":[{"href":"https:\/\/freshgarlic.com\/pt\/wp-json\/wp\/v2\/product"}],"about":[{"href":"https:\/\/freshgarlic.com\/pt\/wp-json\/wp\/v2\/types\/product"}],"wp:featuredmedia":[{"embeddable":true,"href":"https:\/\/freshgarlic.com\/pt\/wp-json\/wp\/v2\/media\/876"}],"wp:attachment":[{"href":"https:\/\/freshgarlic.com\/pt\/wp-json\/wp\/v2\/media?parent=1015"}],"wp:term":[{"taxonomy":"product_brand","embeddable":true,"href":"https:\/\/freshgarlic.com\/pt\/wp-json\/wp\/v2\/product_brand?post=1015"},{"taxonomy":"product_cat","embeddable":true,"href":"https:\/\/freshgarlic.com\/pt\/wp-json\/wp\/v2\/product_cat?post=1015"},{"taxonomy":"product_tag","embeddable":true,"href":"https:\/\/freshgarlic.com\/pt\/wp-json\/wp\/v2\/product_tag?post=1015"}],"curies":[{"name":"wp","href":"https:\/\/api.w.org\/{rel}","templated":true}]}}