{"id":1238,"date":"2025-03-31T12:22:07","date_gmt":"2025-03-31T12:22:07","guid":{"rendered":"http:\/\/freshgarlic.com\/?post_type=product&#038;p=1238"},"modified":"2025-03-31T12:29:41","modified_gmt":"2025-03-31T12:29:41","slug":"singo-pear","status":"publish","type":"product","link":"https:\/\/freshgarlic.com\/it\/prodotto\/pera-singo\/","title":{"rendered":"Pera Singo"},"content":{"rendered":"<p><img fetchpriority=\"high\" decoding=\"async\" class=\"alignnone size-full wp-image-979 lazyload\" src=\"data:image\/gif;base64,R0lGODlhAQABAIAAAAAAAP\/\/\/yH5BAEAAAAALAAAAAABAAEAAAIBRAA7\" data-src=\"http:\/\/freshgarlic.com\/wp-content\/uploads\/2025\/03\/china-fruits-supplier-5.jpg\" alt=\"\" width=\"1000\" height=\"495\" \/><noscript><img decoding=\"async\" class=\"alignnone size-full wp-image-979 lazyload\" src=\"http:\/\/freshgarlic.com\/wp-content\/uploads\/2025\/03\/china-fruits-supplier-5.jpg\" alt=\"\" width=\"1000\" height=\"495\" srcset=\"https:\/\/freshgarlic.com\/wp-content\/uploads\/2025\/03\/china-fruits-supplier-5.jpg 1000w, https:\/\/freshgarlic.com\/wp-content\/uploads\/2025\/03\/china-fruits-supplier-5-800x396.jpg 800w, https:\/\/freshgarlic.com\/wp-content\/uploads\/2025\/03\/china-fruits-supplier-5-300x149.jpg 300w, https:\/\/freshgarlic.com\/wp-content\/uploads\/2025\/03\/china-fruits-supplier-5-768x380.jpg 768w, https:\/\/freshgarlic.com\/wp-content\/uploads\/2025\/03\/china-fruits-supplier-5-18x9.jpg 18w\" sizes=\"(max-width: 1000px) 100vw, 1000px\" \/><\/noscript><\/p>\n<p>1) Dimensioni: Tutti i tipi di dimensioni, il diametro \u00e8 di 60mm-65mm, 65mm-70mm, 70mm-75mm, 75mm-80mm e 80mm e oltre. Il peso medio di una pera \u00e8 di 180g-300g, il peso massimo pu\u00f2 arrivare a 400g o pi\u00f9. Il peso pu\u00f2 arrivare a 400g o pi\u00f9.<\/p>\n<p>2) Vantaggi :<\/p>\n<p>* Grande dimensione, nessuna lesione, resistere per il trasporto e lo stoccaggio<\/p>\n<p>*Buona forma, croccante e deliziosa<\/p>\n<p>*Ricco di vitamine, minerali e sostanze nutritive che giovano alla nostra salute.<\/p>\n<p>* Il contenuto di solidi solubili della frutta \u00e8 di 15,3%-16%, il contenuto di acidi \u00e8 di 0,2%-0,4%, il contenuto di zuccheri \u00e8 di 17%.<\/p>\n<p>3) Periodo di fornitura: tutto l'anno (da fine settembre a luglio).<\/p>\n<div class=\"container section-title-container\">\n<h3 class=\"section-title section-title-normal\"><span id=\"Package\" class=\"ez-toc-section\"><\/span><span class=\"section-title-main\">Pacchetto<\/span><\/h3>\n<p>&nbsp;<\/p>\n<\/div>\n<p>1) Imballaggio interno:<\/p>\n<p>Con sacchetto di plastica fresco-conservato, salverino di carta per ogni strato, foglio di schiuma sulla parte superiore e ogni pera con rete:<\/p>\n<p>2) Imballaggio esterno:<\/p>\n<p>1&gt; 5kg\/CTN per le dimensioni: 12,14,16,18,20 e 22<\/p>\n<p>2&gt; 9kg\/CTN per le dimensioni: 24,28,32,36,40 e 44<\/p>\n<p>3&gt; 10kg\/CTN per le dimensioni: 24,28,32,36,40 e 44<\/p>\n<p>4&gt; 15 kg\/ CTN per le dimensioni: 54, 60, 66, 80 e 90<\/p>\n<p>5&gt; 18kg\/CTN per le dimensioni: 64,72,80,88,100,125,138,150,163 e 175<\/p>\n<p>6&gt; 20kg\/CTN per le dimensioni: 64, 72, 80, 88, 100, 113, 125, 138, 150, 163, 175, 198 e 216<\/p>\n<p>3) Imballaggio personalizzato: secondo i requisiti dei clienti<\/p>\n<div class=\"container section-title-container\">\n<h3 class=\"section-title section-title-normal\"><span id=\"Shipment_and_Loading\" class=\"ez-toc-section\"><\/span><span class=\"section-title-main\">Spedizione e carico<\/span><\/h3>\n<p>&nbsp;<\/p>\n<\/div>\n<p>1) La pera viene spedita in container reefer.<\/p>\n<p>2) Se l'imballaggio \u00e8 da 10 kg\/cartone, un container reefer da 40 piedi pu\u00f2 caricare 2254 CTNS.<\/p>\n<p>3) Se l'imballaggio \u00e8 di 15 kg\/cartone, un container reefer da 40 piedi pu\u00f2 caricare 1661 CTNS.<\/p>\n<p>4) Se l'imballaggio \u00e8 di 18 kg\/cartone, un container reefer da 40 piedi pu\u00f2 caricare 1288 CTNS.<\/p>\n<p>5) Se l'imballaggio in18kg\/cartone, un container reefer da 40 piedi pu\u00f2 caricare 1300 CTNS.<\/p>","protected":false},"excerpt":{"rendered":"<p>Variet\u00e0: Pera Ya, Pera d'oro, Pera Shandong, Pera Su, Pera Crown<br \/>\nConservazione: 0~3 \u00b0C<br \/>\nPorto di carico: Qingdao, Cina<br \/>\nCapacit\u00e0 di fornitura: 1000 tonnellate al mese<\/p>","protected":false},"featured_media":1189,"template":"","meta":{"site-sidebar-layout":"default","site-content-layout":"","ast-site-content-layout":"default","site-content-style":"default","site-sidebar-style":"default","ast-global-header-display":"","ast-banner-title-visibility":"","ast-main-header-display":"","ast-hfb-above-header-display":"","ast-hfb-below-header-display":"","ast-hfb-mobile-header-display":"","site-post-title":"","ast-breadcrumbs-content":"","ast-featured-img":"","footer-sml-layout":"","theme-transparent-header-meta":"default","adv-header-id-meta":"","stick-header-meta":"","header-above-stick-meta":"","header-main-stick-meta":"","header-below-stick-meta":"","astra-migrate-meta-layouts":"set","ast-page-background-enabled":"default","ast-page-background-meta":{"desktop":{"background-color":"var(--ast-global-color-5)","background-image":"","background-repeat":"repeat","background-position":"center center","background-size":"auto","background-attachment":"scroll","background-type":"","background-media":"","overlay-type":"","overlay-color":"","overlay-opacity":"","overlay-gradient":""},"tablet":{"background-color":"","background-image":"","background-repeat":"repeat","background-position":"center center","background-size":"auto","background-attachment":"scroll","background-type":"","background-media":"","overlay-type":"","overlay-color":"","overlay-opacity":"","overlay-gradient":""},"mobile":{"background-color":"","background-image":"","background-repeat":"repeat","background-position":"center center","background-size":"auto","background-attachment":"scroll","background-type":"","background-media":"","overlay-type":"","overlay-color":"","overlay-opacity":"","overlay-gradient":""}},"ast-content-background-meta":{"desktop":{"background-color":"var(--ast-global-color-4)","background-image":"","background-repeat":"repeat","background-position":"center center","background-size":"auto","background-attachment":"scroll","background-type":"","background-media":"","overlay-type":"","overlay-color":"","overlay-opacity":"","overlay-gradient":""},"tablet":{"background-color":"var(--ast-global-color-4)","background-image":"","background-repeat":"repeat","background-position":"center center","background-size":"auto","background-attachment":"scroll","background-type":"","background-media":"","overlay-type":"","overlay-color":"","overlay-opacity":"","overlay-gradient":""},"mobile":{"background-color":"var(--ast-global-color-4)","background-image":"","background-repeat":"repeat","background-position":"center center","background-size":"auto","background-attachment":"scroll","background-type":"","background-media":"","overlay-type":"","overlay-color":"","overlay-opacity":"","overlay-gradient":""}}},"product_brand":[],"product_cat":[38,18],"product_tag":[],"class_list":{"0":"post-1238","1":"product","2":"type-product","3":"status-publish","4":"has-post-thumbnail","6":"product_cat-fresh-fruits-vegetables","7":"product_cat-products","8":"wcmi-has-gallery","9":"desktop-align-left","10":"tablet-align-left","11":"mobile-align-left","13":"first","14":"instock","15":"shipping-taxable","16":"product-type-simple"},"_links":{"self":[{"href":"https:\/\/freshgarlic.com\/it\/wp-json\/wp\/v2\/product\/1238","targetHints":{"allow":["GET"]}}],"collection":[{"href":"https:\/\/freshgarlic.com\/it\/wp-json\/wp\/v2\/product"}],"about":[{"href":"https:\/\/freshgarlic.com\/it\/wp-json\/wp\/v2\/types\/product"}],"wp:featuredmedia":[{"embeddable":true,"href":"https:\/\/freshgarlic.com\/it\/wp-json\/wp\/v2\/media\/1189"}],"wp:attachment":[{"href":"https:\/\/freshgarlic.com\/it\/wp-json\/wp\/v2\/media?parent=1238"}],"wp:term":[{"taxonomy":"product_brand","embeddable":true,"href":"https:\/\/freshgarlic.com\/it\/wp-json\/wp\/v2\/product_brand?post=1238"},{"taxonomy":"product_cat","embeddable":true,"href":"https:\/\/freshgarlic.com\/it\/wp-json\/wp\/v2\/product_cat?post=1238"},{"taxonomy":"product_tag","embeddable":true,"href":"https:\/\/freshgarlic.com\/it\/wp-json\/wp\/v2\/product_tag?post=1238"}],"curies":[{"name":"wp","href":"https:\/\/api.w.org\/{rel}","templated":true}]}}