{"id":1237,"date":"2025-03-31T12:21:56","date_gmt":"2025-03-31T12:21:56","guid":{"rendered":"http:\/\/freshgarlic.com\/?post_type=product&#038;p=1237"},"modified":"2025-03-31T12:29:25","modified_gmt":"2025-03-31T12:29:25","slug":"ya-pears","status":"publish","type":"product","link":"https:\/\/freshgarlic.com\/fr\/produit\/ya-poires\/","title":{"rendered":"Ya Pears"},"content":{"rendered":"<p><img fetchpriority=\"high\" decoding=\"async\" class=\"alignnone size-full wp-image-979 lazyload\" src=\"data:image\/gif;base64,R0lGODlhAQABAIAAAAAAAP\/\/\/yH5BAEAAAAALAAAAAABAAEAAAIBRAA7\" data-src=\"http:\/\/freshgarlic.com\/wp-content\/uploads\/2025\/03\/china-fruits-supplier-5.jpg\" alt=\"\" width=\"1000\" height=\"495\" \/><noscript><img decoding=\"async\" class=\"alignnone size-full wp-image-979 lazyload\" src=\"http:\/\/freshgarlic.com\/wp-content\/uploads\/2025\/03\/china-fruits-supplier-5.jpg\" alt=\"\" width=\"1000\" height=\"495\" srcset=\"https:\/\/freshgarlic.com\/wp-content\/uploads\/2025\/03\/china-fruits-supplier-5.jpg 1000w, https:\/\/freshgarlic.com\/wp-content\/uploads\/2025\/03\/china-fruits-supplier-5-800x396.jpg 800w, https:\/\/freshgarlic.com\/wp-content\/uploads\/2025\/03\/china-fruits-supplier-5-300x149.jpg 300w, https:\/\/freshgarlic.com\/wp-content\/uploads\/2025\/03\/china-fruits-supplier-5-768x380.jpg 768w, https:\/\/freshgarlic.com\/wp-content\/uploads\/2025\/03\/china-fruits-supplier-5-18x9.jpg 18w\" sizes=\"(max-width: 1000px) 100vw, 1000px\" \/><\/noscript><\/p>\n<p>1) Dimensions : Toutes sortes de tailles, le diam\u00e8tre est de 60 mm-65 mm, 65 mm-70 mm, 70 mm-75 mm, 75 mm-80 mm et 80 mm et plus. Le poids moyen d'une poire est de 180g-300g, le poids maximum peut atteindre 400g ou plus. Le poids peut atteindre 400g ou plus.<\/p>\n<p>2) Avantages :<\/p>\n<p>* Grande taille, pas de blessure, r\u00e9sistant au transport et au stockage.<\/p>\n<p>*Bonne forme, croustillante et d\u00e9licieuse<\/p>\n<p>*Riche en vitamines, min\u00e9raux et nutriments qui sont b\u00e9n\u00e9fiques pour notre sant\u00e9.<\/p>\n<p>* La teneur en solides solubles des fruits est de 15,3%-16%, la teneur en acide est de 0,2%-0,4%, la teneur en sucre atteint 17%.<\/p>\n<p>3) P\u00e9riode d'approvisionnement : toute l'ann\u00e9e (de fin septembre \u00e0 juillet prochain)<\/p>\n<div class=\"container section-title-container\">\n<h3 class=\"section-title section-title-normal\"><span id=\"Package\" class=\"ez-toc-section\"><\/span><span class=\"section-title-main\">Paquet<\/span><\/h3>\n<p>&nbsp;<\/p>\n<\/div>\n<p>1) Emballage int\u00e9rieur :<\/p>\n<p>Avec un sac en plastique fra\u00eechement conserv\u00e9, un saloir en papier \u00e0 chaque couche, une feuille de mousse sur le dessus et un filet pour chaque poire :<\/p>\n<p>2) Emballage ext\u00e9rieur :<\/p>\n<p>1&gt; 5kg\/CTN pour les tailles : 12,14,16,18,20 et 22<\/p>\n<p>2&gt; 9kg\/CTN pour les tailles : 24,28,32,36,40 et 44<\/p>\n<p>3&gt; 10kg\/CTN pour les tailles : 24,28,32,36,40 et 44<\/p>\n<p>4&gt; 15kg\/ CTN pour les tailles : 54,60,66,80 et 90<\/p>\n<p>5&gt; 18kg\/CTN pour les tailles : 64,72,80,88,100,125,138,150,163 et 175<\/p>\n<p>6&gt; 20kg\/CTN pour les tailles : 64, 72, 80, 88, 100, 113, 125, 138, 150, 163, 175, 198 et 216<\/p>\n<p>3) Emballage personnalis\u00e9 : selon les exigences des clients<\/p>\n<div class=\"container section-title-container\">\n<h3 class=\"section-title section-title-normal\"><span id=\"Shipment_and_Loading\" class=\"ez-toc-section\"><\/span><span class=\"section-title-main\">Exp\u00e9dition et chargement<\/span><\/h3>\n<p>&nbsp;<\/p>\n<\/div>\n<p>1) La poire est exp\u00e9di\u00e9e dans un conteneur r\u00e9frig\u00e9r\u00e9.<\/p>\n<p>2) Si l'emballage est de 10 kg\/carton, un conteneur frigorifique de 40 pieds peut contenir 2254 CTNS.<\/p>\n<p>3) Si l'emballage est de 15 kg\/carton, un conteneur frigorifique de 40 pieds peut charger 1661 CTNS.<\/p>\n<p>4) Si l'emballage est de 18 kg\/carton, un conteneur frigorifique de 40 pieds peut charger 1288 CTNS.<\/p>\n<p>5) Si l'emballage est de 18 kg\/carton, un conteneur frigorifique de 40 pieds peut charger 1300 CTNS.<\/p>","protected":false},"excerpt":{"rendered":"<p>Vari\u00e9t\u00e9\uff1aYa Pear, Golden Pear, Shandong Pear, Su Pear, Crown Pear<br \/>\nStockage\uff1a0~3 \u00b0C<br \/>\nPort de chargement\uff1aQingdao, Chine<br \/>\nCapacit\u00e9 d'approvisionnement\uff1a1000 tonnes par mois<\/p>","protected":false},"featured_media":1231,"template":"","meta":{"site-sidebar-layout":"default","site-content-layout":"","ast-site-content-layout":"default","site-content-style":"default","site-sidebar-style":"default","ast-global-header-display":"","ast-banner-title-visibility":"","ast-main-header-display":"","ast-hfb-above-header-display":"","ast-hfb-below-header-display":"","ast-hfb-mobile-header-display":"","site-post-title":"","ast-breadcrumbs-content":"","ast-featured-img":"","footer-sml-layout":"","theme-transparent-header-meta":"default","adv-header-id-meta":"","stick-header-meta":"","header-above-stick-meta":"","header-main-stick-meta":"","header-below-stick-meta":"","astra-migrate-meta-layouts":"set","ast-page-background-enabled":"default","ast-page-background-meta":{"desktop":{"background-color":"var(--ast-global-color-5)","background-image":"","background-repeat":"repeat","background-position":"center center","background-size":"auto","background-attachment":"scroll","background-type":"","background-media":"","overlay-type":"","overlay-color":"","overlay-opacity":"","overlay-gradient":""},"tablet":{"background-color":"","background-image":"","background-repeat":"repeat","background-position":"center center","background-size":"auto","background-attachment":"scroll","background-type":"","background-media":"","overlay-type":"","overlay-color":"","overlay-opacity":"","overlay-gradient":""},"mobile":{"background-color":"","background-image":"","background-repeat":"repeat","background-position":"center center","background-size":"auto","background-attachment":"scroll","background-type":"","background-media":"","overlay-type":"","overlay-color":"","overlay-opacity":"","overlay-gradient":""}},"ast-content-background-meta":{"desktop":{"background-color":"var(--ast-global-color-4)","background-image":"","background-repeat":"repeat","background-position":"center center","background-size":"auto","background-attachment":"scroll","background-type":"","background-media":"","overlay-type":"","overlay-color":"","overlay-opacity":"","overlay-gradient":""},"tablet":{"background-color":"var(--ast-global-color-4)","background-image":"","background-repeat":"repeat","background-position":"center center","background-size":"auto","background-attachment":"scroll","background-type":"","background-media":"","overlay-type":"","overlay-color":"","overlay-opacity":"","overlay-gradient":""},"mobile":{"background-color":"var(--ast-global-color-4)","background-image":"","background-repeat":"repeat","background-position":"center center","background-size":"auto","background-attachment":"scroll","background-type":"","background-media":"","overlay-type":"","overlay-color":"","overlay-opacity":"","overlay-gradient":""}}},"product_brand":[],"product_cat":[38,18],"product_tag":[],"class_list":{"0":"post-1237","1":"product","2":"type-product","3":"status-publish","4":"has-post-thumbnail","6":"product_cat-fresh-fruits-vegetables","7":"product_cat-products","8":"wcmi-has-gallery","9":"desktop-align-left","10":"tablet-align-left","11":"mobile-align-left","13":"first","14":"instock","15":"shipping-taxable","16":"product-type-simple"},"_links":{"self":[{"href":"https:\/\/freshgarlic.com\/fr\/wp-json\/wp\/v2\/product\/1237","targetHints":{"allow":["GET"]}}],"collection":[{"href":"https:\/\/freshgarlic.com\/fr\/wp-json\/wp\/v2\/product"}],"about":[{"href":"https:\/\/freshgarlic.com\/fr\/wp-json\/wp\/v2\/types\/product"}],"wp:featuredmedia":[{"embeddable":true,"href":"https:\/\/freshgarlic.com\/fr\/wp-json\/wp\/v2\/media\/1231"}],"wp:attachment":[{"href":"https:\/\/freshgarlic.com\/fr\/wp-json\/wp\/v2\/media?parent=1237"}],"wp:term":[{"taxonomy":"product_brand","embeddable":true,"href":"https:\/\/freshgarlic.com\/fr\/wp-json\/wp\/v2\/product_brand?post=1237"},{"taxonomy":"product_cat","embeddable":true,"href":"https:\/\/freshgarlic.com\/fr\/wp-json\/wp\/v2\/product_cat?post=1237"},{"taxonomy":"product_tag","embeddable":true,"href":"https:\/\/freshgarlic.com\/fr\/wp-json\/wp\/v2\/product_tag?post=1237"}],"curies":[{"name":"wp","href":"https:\/\/api.w.org\/{rel}","templated":true}]}}