{"id":1238,"date":"2025-03-31T12:22:07","date_gmt":"2025-03-31T12:22:07","guid":{"rendered":"http:\/\/freshgarlic.com\/?post_type=product&#038;p=1238"},"modified":"2025-03-31T12:29:41","modified_gmt":"2025-03-31T12:29:41","slug":"singo-pear","status":"publish","type":"product","link":"https:\/\/freshgarlic.com\/es\/producto\/pera-singo\/","title":{"rendered":"Pera Singo"},"content":{"rendered":"<p><img fetchpriority=\"high\" decoding=\"async\" class=\"alignnone size-full wp-image-979 lazyload\" src=\"data:image\/gif;base64,R0lGODlhAQABAIAAAAAAAP\/\/\/yH5BAEAAAAALAAAAAABAAEAAAIBRAA7\" data-src=\"http:\/\/freshgarlic.com\/wp-content\/uploads\/2025\/03\/china-fruits-supplier-5.jpg\" alt=\"\" width=\"1000\" height=\"495\" \/><noscript><img decoding=\"async\" class=\"alignnone size-full wp-image-979 lazyload\" src=\"http:\/\/freshgarlic.com\/wp-content\/uploads\/2025\/03\/china-fruits-supplier-5.jpg\" alt=\"\" width=\"1000\" height=\"495\" srcset=\"https:\/\/freshgarlic.com\/wp-content\/uploads\/2025\/03\/china-fruits-supplier-5.jpg 1000w, https:\/\/freshgarlic.com\/wp-content\/uploads\/2025\/03\/china-fruits-supplier-5-800x396.jpg 800w, https:\/\/freshgarlic.com\/wp-content\/uploads\/2025\/03\/china-fruits-supplier-5-300x149.jpg 300w, https:\/\/freshgarlic.com\/wp-content\/uploads\/2025\/03\/china-fruits-supplier-5-768x380.jpg 768w, https:\/\/freshgarlic.com\/wp-content\/uploads\/2025\/03\/china-fruits-supplier-5-18x9.jpg 18w\" sizes=\"(max-width: 1000px) 100vw, 1000px\" \/><\/noscript><\/p>\n<p>1) Tama\u00f1os: Todo tipo de tama\u00f1os, el dia. es 60mm-65mm, 65mm-70mm, 70mm-75mm,75mm-80mm y 80mm y m\u00e1s. El peso medio de una pera es 180g-300g, max. El peso m\u00e1ximo puede llegar a 400 g o m\u00e1s.<\/p>\n<p>2) Ventajas :<\/p>\n<p>* Tama\u00f1o grande, sin lesiones, resistente para el transporte y el almacenamiento<\/p>\n<p>*Buena forma, crujiente y deliciosa<\/p>\n<p>*Rico en vitaminas, minerales y nutrientes beneficiosos para la salud.<\/p>\n<p>* Contenido de s\u00f3lidos solubles en fruta de 15,3%-16%, contenido de \u00e1cidos de 0,2%-0,4%, contenido de az\u00facares de hasta 17%.<\/p>\n<p>3) Periodo de suministro: todo el a\u00f1o (desde finales de septiembre hasta el pr\u00f3ximo julio)<\/p>\n<div class=\"container section-title-container\">\n<h3 class=\"section-title section-title-normal\"><span id=\"Package\" class=\"ez-toc-section\"><\/span><span class=\"section-title-main\">Paquete<\/span><\/h3>\n<p>&nbsp;<\/p>\n<\/div>\n<p>1) Embalaje interior:<\/p>\n<p>Con bolsa de pl\u00e1stico fresco, salver de papel cada capa, l\u00e1mina de espuma en la parte superior y cada pera con red :<\/p>\n<p>2) Embalaje exterior:<\/p>\n<p>1&gt; 5kg\/CTN para los tama\u00f1os: 12,14,16,18,20 y 22<\/p>\n<p>2&gt; 9kg\/CTN para los tama\u00f1os: 24,28,32,36,40 y 44<\/p>\n<p>3&gt; 10kg\/CTN para los tama\u00f1os: 24,28,32,36,40 y 44<\/p>\n<p>4&gt; 15kg\/ CTN para los tama\u00f1os: 54,60,66,80 y 90<\/p>\n<p>5&gt; 18kg\/CTN para los tama\u00f1os: 64,72,80,88,100,125,138,150,163 y 175<\/p>\n<p>6&gt; 20kg\/CTN para los tama\u00f1os: 64, 72, 80, 88, 100, 113, 125, 138, 150, 163, 175, 198 y 216<\/p>\n<p>3) Embalaje personalizado: seg\u00fan los requisitos de los clientes<\/p>\n<div class=\"container section-title-container\">\n<h3 class=\"section-title section-title-normal\"><span id=\"Shipment_and_Loading\" class=\"ez-toc-section\"><\/span><span class=\"section-title-main\">Env\u00edo y carga<\/span><\/h3>\n<p>&nbsp;<\/p>\n<\/div>\n<p>1) La pera se env\u00eda en contenedor refrigerado.<\/p>\n<p>2) Si se envasa en cajas de 10 kg, un contenedor refrigerado de 40 pies puede cargar 2254 CTNS.<\/p>\n<p>3) Si se envasa en 15 kg\/caja, un contenedor refrigerado de 40 pies puede cargar1661 CTNS.<\/p>\n<p>4) Si se envasa en cajas de 18 kg, un contenedor refrigerado de 40 pies puede cargar 1288 CTNS.<\/p>\n<p>5) Si el embalaje es de 18 kg\/caja, un contenedor refrigerado de 40 pies puede cargar 1300 CTNS.<\/p>","protected":false},"excerpt":{"rendered":"<p>Variedad\uff1aYa Pera, Pera Dorada, Pera Shandong, Pera Su, Pera Corona.<br \/>\nAlmacenamiento\uff1a0~3 \u00b0C<br \/>\nPuerto de carga\uff1aQingdao, China<br \/>\nCapacidad de suministro\uff1a1000 toneladas al mes<\/p>","protected":false},"featured_media":1189,"template":"","meta":{"site-sidebar-layout":"default","site-content-layout":"","ast-site-content-layout":"default","site-content-style":"default","site-sidebar-style":"default","ast-global-header-display":"","ast-banner-title-visibility":"","ast-main-header-display":"","ast-hfb-above-header-display":"","ast-hfb-below-header-display":"","ast-hfb-mobile-header-display":"","site-post-title":"","ast-breadcrumbs-content":"","ast-featured-img":"","footer-sml-layout":"","theme-transparent-header-meta":"default","adv-header-id-meta":"","stick-header-meta":"","header-above-stick-meta":"","header-main-stick-meta":"","header-below-stick-meta":"","astra-migrate-meta-layouts":"set","ast-page-background-enabled":"default","ast-page-background-meta":{"desktop":{"background-color":"var(--ast-global-color-5)","background-image":"","background-repeat":"repeat","background-position":"center center","background-size":"auto","background-attachment":"scroll","background-type":"","background-media":"","overlay-type":"","overlay-color":"","overlay-opacity":"","overlay-gradient":""},"tablet":{"background-color":"","background-image":"","background-repeat":"repeat","background-position":"center center","background-size":"auto","background-attachment":"scroll","background-type":"","background-media":"","overlay-type":"","overlay-color":"","overlay-opacity":"","overlay-gradient":""},"mobile":{"background-color":"","background-image":"","background-repeat":"repeat","background-position":"center center","background-size":"auto","background-attachment":"scroll","background-type":"","background-media":"","overlay-type":"","overlay-color":"","overlay-opacity":"","overlay-gradient":""}},"ast-content-background-meta":{"desktop":{"background-color":"var(--ast-global-color-4)","background-image":"","background-repeat":"repeat","background-position":"center center","background-size":"auto","background-attachment":"scroll","background-type":"","background-media":"","overlay-type":"","overlay-color":"","overlay-opacity":"","overlay-gradient":""},"tablet":{"background-color":"var(--ast-global-color-4)","background-image":"","background-repeat":"repeat","background-position":"center center","background-size":"auto","background-attachment":"scroll","background-type":"","background-media":"","overlay-type":"","overlay-color":"","overlay-opacity":"","overlay-gradient":""},"mobile":{"background-color":"var(--ast-global-color-4)","background-image":"","background-repeat":"repeat","background-position":"center center","background-size":"auto","background-attachment":"scroll","background-type":"","background-media":"","overlay-type":"","overlay-color":"","overlay-opacity":"","overlay-gradient":""}}},"product_brand":[],"product_cat":[38,18],"product_tag":[],"class_list":{"0":"post-1238","1":"product","2":"type-product","3":"status-publish","4":"has-post-thumbnail","6":"product_cat-fresh-fruits-vegetables","7":"product_cat-products","8":"wcmi-has-gallery","9":"desktop-align-left","10":"tablet-align-left","11":"mobile-align-left","13":"first","14":"instock","15":"shipping-taxable","16":"product-type-simple"},"_links":{"self":[{"href":"https:\/\/freshgarlic.com\/es\/wp-json\/wp\/v2\/product\/1238","targetHints":{"allow":["GET"]}}],"collection":[{"href":"https:\/\/freshgarlic.com\/es\/wp-json\/wp\/v2\/product"}],"about":[{"href":"https:\/\/freshgarlic.com\/es\/wp-json\/wp\/v2\/types\/product"}],"wp:featuredmedia":[{"embeddable":true,"href":"https:\/\/freshgarlic.com\/es\/wp-json\/wp\/v2\/media\/1189"}],"wp:attachment":[{"href":"https:\/\/freshgarlic.com\/es\/wp-json\/wp\/v2\/media?parent=1238"}],"wp:term":[{"taxonomy":"product_brand","embeddable":true,"href":"https:\/\/freshgarlic.com\/es\/wp-json\/wp\/v2\/product_brand?post=1238"},{"taxonomy":"product_cat","embeddable":true,"href":"https:\/\/freshgarlic.com\/es\/wp-json\/wp\/v2\/product_cat?post=1238"},{"taxonomy":"product_tag","embeddable":true,"href":"https:\/\/freshgarlic.com\/es\/wp-json\/wp\/v2\/product_tag?post=1238"}],"curies":[{"name":"wp","href":"https:\/\/api.w.org\/{rel}","templated":true}]}}