{"id":1278,"date":"2025-03-14T01:35:19","date_gmt":"2025-03-14T01:35:19","guid":{"rendered":"https:\/\/freshgarlic.com\/?post_type=product&#038;p=1278"},"modified":"2025-04-14T01:38:00","modified_gmt":"2025-04-14T01:38:00","slug":"fresh-peeled-red-onion","status":"publish","type":"product","link":"https:\/\/freshgarlic.com\/de\/produkt\/frische-geschalte-rote-zwiebel\/","title":{"rendered":"Frische, gesch\u00e4lte rote Zwiebel"},"content":{"rendered":"<p><img fetchpriority=\"high\" decoding=\"async\" class=\"alignnone size-full wp-image-1058 lazyload\" src=\"data:image\/gif;base64,R0lGODlhAQABAIAAAAAAAP\/\/\/yH5BAEAAAAALAAAAAABAAEAAAIBRAA7\" data-src=\"http:\/\/freshgarlic.com\/wp-content\/uploads\/2025\/03\/onion-china-supplier.jpg\" alt=\"\" width=\"1000\" height=\"496\" \/><noscript><img decoding=\"async\" class=\"alignnone size-full wp-image-1058 lazyload\" src=\"http:\/\/freshgarlic.com\/wp-content\/uploads\/2025\/03\/onion-china-supplier.jpg\" alt=\"\" width=\"1000\" height=\"496\" srcset=\"https:\/\/freshgarlic.com\/wp-content\/uploads\/2025\/03\/onion-china-supplier.jpg 1000w, https:\/\/freshgarlic.com\/wp-content\/uploads\/2025\/03\/onion-china-supplier-300x149.jpg 300w, https:\/\/freshgarlic.com\/wp-content\/uploads\/2025\/03\/onion-china-supplier-768x381.jpg 768w, https:\/\/freshgarlic.com\/wp-content\/uploads\/2025\/03\/onion-china-supplier-18x9.jpg 18w, https:\/\/freshgarlic.com\/wp-content\/uploads\/2025\/03\/onion-china-supplier-800x397.jpg 800w\" sizes=\"(max-width: 1000px) 100vw, 1000px\" \/><\/noscript><\/p>\n<div class=\"magic-17\">Chinesische Zwiebeln sind seit vielen Jahren als die beste Qualit\u00e4t zu einem g\u00fcnstigen Preis bekannt.<\/div>\n<div class=\"magic-21\">\n<div class=\"magic-22\">\n<div class=\"magic-23\">\n<div>Wir verf\u00fcgen \u00fcber einen eigenen landwirtschaftlichen Betrieb, eine Verarbeitungsanlage, ein K\u00fchlhaus, ein Lager und andere Einrichtungen, um hohe Qualit\u00e4tsstandards zu gew\u00e4hrleisten.<\/div>\n<div>\u00dcber 90% chinesische Zwiebeln f\u00fcr den Export aus China stammen aus den Provinzen Shandong und Gansu,<\/div>\n<div data-spm-anchor-id=\"a2700.details.0.i53.154631d6RNNpiM\">Dies tr\u00e4gt dazu bei, dass chinesische Zwiebeln auf der ganzen Welt beliebt sind.<\/div>\n<\/div>\n<\/div>\n<\/div>\n<p><img decoding=\"async\" class=\"alignnone wp-image-1274 lazyload\" src=\"data:image\/gif;base64,R0lGODlhAQABAIAAAAAAAP\/\/\/yH5BAEAAAAALAAAAAABAAEAAAIBRAA7\" data-src=\"https:\/\/freshgarlic.com\/wp-content\/uploads\/2025\/03\/\u5fae\u4fe1\u622a\u56fe_20250414090811.jpg\" alt=\"\" width=\"1001\" height=\"546\" \/><noscript><img loading=\"lazy\" decoding=\"async\" class=\"alignnone wp-image-1274 lazyload\" src=\"https:\/\/freshgarlic.com\/wp-content\/uploads\/2025\/03\/\u5fae\u4fe1\u622a\u56fe_20250414090811.jpg\" alt=\"\" width=\"1001\" height=\"546\" srcset=\"https:\/\/freshgarlic.com\/wp-content\/uploads\/2025\/03\/\u5fae\u4fe1\u622a\u56fe_20250414090811.jpg 1041w, https:\/\/freshgarlic.com\/wp-content\/uploads\/2025\/03\/\u5fae\u4fe1\u622a\u56fe_20250414090811-300x164.jpg 300w, https:\/\/freshgarlic.com\/wp-content\/uploads\/2025\/03\/\u5fae\u4fe1\u622a\u56fe_20250414090811-1024x559.jpg 1024w, https:\/\/freshgarlic.com\/wp-content\/uploads\/2025\/03\/\u5fae\u4fe1\u622a\u56fe_20250414090811-768x419.jpg 768w, https:\/\/freshgarlic.com\/wp-content\/uploads\/2025\/03\/\u5fae\u4fe1\u622a\u56fe_20250414090811-18x10.jpg 18w, https:\/\/freshgarlic.com\/wp-content\/uploads\/2025\/03\/\u5fae\u4fe1\u622a\u56fe_20250414090811-800x437.jpg 800w\" sizes=\"(max-width: 1001px) 100vw, 1001px\" \/><\/noscript><\/p>","protected":false},"excerpt":{"rendered":"<div>\n<div data-spm-anchor-id=\"a2700.details.0.i53.154631d6RNNpiM\">Frische, gesch\u00e4lte rote Zwiebel<\/div>\n<div data-spm-anchor-id=\"a2700.details.0.i53.154631d6RNNpiM\"><\/div>\n<div data-spm-anchor-id=\"a2700.details.0.i53.154631d6RNNpiM\">Gr\u00f6\u00dfe :<\/div>\n<div data-spm-anchor-id=\"a2700.details.0.i53.154631d6RNNpiM\">5-7cm, 5-8cm, 8cm und h\u00f6her<\/div>\n<div data-spm-anchor-id=\"a2700.details.0.i53.154631d6RNNpiM\">Verpacken\uff1a<\/div>\n<div data-spm-anchor-id=\"a2700.details.0.i53.154631d6RNNpiM\">3kg\/5kg\/10kg\/20kg\/25kg Maschensack, wie Ihre Anfrage<\/div>\n<\/div>","protected":false},"featured_media":947,"template":"","meta":{"site-sidebar-layout":"default","site-content-layout":"","ast-site-content-layout":"default","site-content-style":"default","site-sidebar-style":"default","ast-global-header-display":"","ast-banner-title-visibility":"","ast-main-header-display":"","ast-hfb-above-header-display":"","ast-hfb-below-header-display":"","ast-hfb-mobile-header-display":"","site-post-title":"","ast-breadcrumbs-content":"","ast-featured-img":"","footer-sml-layout":"","theme-transparent-header-meta":"default","adv-header-id-meta":"","stick-header-meta":"","header-above-stick-meta":"","header-main-stick-meta":"","header-below-stick-meta":"","astra-migrate-meta-layouts":"set","ast-page-background-enabled":"default","ast-page-background-meta":{"desktop":{"background-color":"var(--ast-global-color-5)","background-image":"","background-repeat":"repeat","background-position":"center center","background-size":"auto","background-attachment":"scroll","background-type":"","background-media":"","overlay-type":"","overlay-color":"","overlay-opacity":"","overlay-gradient":""},"tablet":{"background-color":"","background-image":"","background-repeat":"repeat","background-position":"center center","background-size":"auto","background-attachment":"scroll","background-type":"","background-media":"","overlay-type":"","overlay-color":"","overlay-opacity":"","overlay-gradient":""},"mobile":{"background-color":"","background-image":"","background-repeat":"repeat","background-position":"center center","background-size":"auto","background-attachment":"scroll","background-type":"","background-media":"","overlay-type":"","overlay-color":"","overlay-opacity":"","overlay-gradient":""}},"ast-content-background-meta":{"desktop":{"background-color":"var(--ast-global-color-4)","background-image":"","background-repeat":"repeat","background-position":"center center","background-size":"auto","background-attachment":"scroll","background-type":"","background-media":"","overlay-type":"","overlay-color":"","overlay-opacity":"","overlay-gradient":""},"tablet":{"background-color":"var(--ast-global-color-4)","background-image":"","background-repeat":"repeat","background-position":"center center","background-size":"auto","background-attachment":"scroll","background-type":"","background-media":"","overlay-type":"","overlay-color":"","overlay-opacity":"","overlay-gradient":""},"mobile":{"background-color":"var(--ast-global-color-4)","background-image":"","background-repeat":"repeat","background-position":"center center","background-size":"auto","background-attachment":"scroll","background-type":"","background-media":"","overlay-type":"","overlay-color":"","overlay-opacity":"","overlay-gradient":""}}},"product_brand":[],"product_cat":[23,18],"product_tag":[],"class_list":{"0":"post-1278","1":"product","2":"type-product","3":"status-publish","4":"has-post-thumbnail","6":"product_cat-fresh-onion","7":"product_cat-products","8":"wcmi-has-gallery","9":"desktop-align-left","10":"tablet-align-left","11":"mobile-align-left","13":"first","14":"instock","15":"shipping-taxable","16":"product-type-simple"},"_links":{"self":[{"href":"https:\/\/freshgarlic.com\/de\/wp-json\/wp\/v2\/product\/1278","targetHints":{"allow":["GET"]}}],"collection":[{"href":"https:\/\/freshgarlic.com\/de\/wp-json\/wp\/v2\/product"}],"about":[{"href":"https:\/\/freshgarlic.com\/de\/wp-json\/wp\/v2\/types\/product"}],"wp:featuredmedia":[{"embeddable":true,"href":"https:\/\/freshgarlic.com\/de\/wp-json\/wp\/v2\/media\/947"}],"wp:attachment":[{"href":"https:\/\/freshgarlic.com\/de\/wp-json\/wp\/v2\/media?parent=1278"}],"wp:term":[{"taxonomy":"product_brand","embeddable":true,"href":"https:\/\/freshgarlic.com\/de\/wp-json\/wp\/v2\/product_brand?post=1278"},{"taxonomy":"product_cat","embeddable":true,"href":"https:\/\/freshgarlic.com\/de\/wp-json\/wp\/v2\/product_cat?post=1278"},{"taxonomy":"product_tag","embeddable":true,"href":"https:\/\/freshgarlic.com\/de\/wp-json\/wp\/v2\/product_tag?post=1278"}],"curies":[{"name":"wp","href":"https:\/\/api.w.org\/{rel}","templated":true}]}}