{"id":1238,"date":"2025-03-31T12:22:07","date_gmt":"2025-03-31T12:22:07","guid":{"rendered":"http:\/\/freshgarlic.com\/?post_type=product&#038;p=1238"},"modified":"2025-03-31T12:29:41","modified_gmt":"2025-03-31T12:29:41","slug":"singo-pear","status":"publish","type":"product","link":"https:\/\/freshgarlic.com\/de\/produkt\/singobirne\/","title":{"rendered":"Singobirne"},"content":{"rendered":"<p><img fetchpriority=\"high\" decoding=\"async\" class=\"alignnone size-full wp-image-979 lazyload\" src=\"data:image\/gif;base64,R0lGODlhAQABAIAAAAAAAP\/\/\/yH5BAEAAAAALAAAAAABAAEAAAIBRAA7\" data-src=\"http:\/\/freshgarlic.com\/wp-content\/uploads\/2025\/03\/china-fruits-supplier-5.jpg\" alt=\"\" width=\"1000\" height=\"495\" \/><noscript><img decoding=\"async\" class=\"alignnone size-full wp-image-979 lazyload\" src=\"http:\/\/freshgarlic.com\/wp-content\/uploads\/2025\/03\/china-fruits-supplier-5.jpg\" alt=\"\" width=\"1000\" height=\"495\" srcset=\"https:\/\/freshgarlic.com\/wp-content\/uploads\/2025\/03\/china-fruits-supplier-5.jpg 1000w, https:\/\/freshgarlic.com\/wp-content\/uploads\/2025\/03\/china-fruits-supplier-5-800x396.jpg 800w, https:\/\/freshgarlic.com\/wp-content\/uploads\/2025\/03\/china-fruits-supplier-5-300x149.jpg 300w, https:\/\/freshgarlic.com\/wp-content\/uploads\/2025\/03\/china-fruits-supplier-5-768x380.jpg 768w, https:\/\/freshgarlic.com\/wp-content\/uploads\/2025\/03\/china-fruits-supplier-5-18x9.jpg 18w\" sizes=\"(max-width: 1000px) 100vw, 1000px\" \/><\/noscript><\/p>\n<p>1) Gr\u00f6\u00dfen: Alle Arten von Gr\u00f6\u00dfen, der Durchmesser ist 60mm-65mm, 65mm-70mm, 70mm-75mm, 75mm-80mm und 80mm und mehr. Das durchschnittliche Gewicht einer Birne ist 180g-300g, max. Gewicht kann bis zu 400g oder mehr betragen.<\/p>\n<p>2) Vorteile:<\/p>\n<p>* Gro\u00dfe Gr\u00f6\u00dfe, keine Verletzung, widerstandsf\u00e4hig f\u00fcr Transport und Lagerung<\/p>\n<p>*Gute Form, knackig und lecker<\/p>\n<p>*Reich an Vitaminen, Mineralien und N\u00e4hrstoffen, die unserer Gesundheit zugute kommen<\/p>\n<p>* Der Gehalt an l\u00f6slichen Feststoffen in den Fr\u00fcchten betr\u00e4gt 15,3%-16%, der S\u00e4uregehalt 0,2%-0,4%, der Zuckergehalt sogar 17%<\/p>\n<p>3) Lieferzeitraum: das ganze Jahr \u00fcber (von Ende September bis zum n\u00e4chsten Juli)<\/p>\n<div class=\"container section-title-container\">\n<h3 class=\"section-title section-title-normal\"><span id=\"Package\" class=\"ez-toc-section\"><\/span><span class=\"section-title-main\">Paket<\/span><\/h3>\n<p>&nbsp;<\/p>\n<\/div>\n<p>1) Innere Verpackung:<\/p>\n<p>Mit frisch konservierter Plastikt\u00fcte, Papiersalbe pro Lage, Schaumstoffplatte oben und jeder Birne mit Netz:<\/p>\n<p>2) \u00c4u\u00dfere Verpackung:<\/p>\n<p>1&gt; 5kg\/CTN f\u00fcr die Gr\u00f6\u00dfen: 12,14,16,18,20 und 22<\/p>\n<p>2&gt; 9kg\/CTN f\u00fcr die Gr\u00f6\u00dfen: 24, 28, 32, 36, 40 und 44<\/p>\n<p>3&gt; 10kg\/CTN f\u00fcr die Gr\u00f6\u00dfen: 24,28,32,36,40 und 44<\/p>\n<p>4&gt; 15kg\/ CTN f\u00fcr die Gr\u00f6\u00dfen: 54, 60, 66, 80 und 90<\/p>\n<p>5&gt; 18kg\/CTN f\u00fcr die Gr\u00f6\u00dfen: 64,72,80,88,100,125,138,150,163 und 175<\/p>\n<p>6&gt; 20kg\/CTN f\u00fcr die Gr\u00f6\u00dfen: 64, 72, 80, 88, 100, 113, 125, 138, 150, 163, 175, 198 und 216<\/p>\n<p>3) Kundenspezifische Verpackung: entsprechend den Anforderungen der Kunden<\/p>\n<div class=\"container section-title-container\">\n<h3 class=\"section-title section-title-normal\"><span id=\"Shipment_and_Loading\" class=\"ez-toc-section\"><\/span><span class=\"section-title-main\">Versand und Verladung<\/span><\/h3>\n<p>&nbsp;<\/p>\n<\/div>\n<p>1) Die Birne wird in einem K\u00fchlcontainer verschifft.<\/p>\n<p>2) Bei Verpackung in 10 kg\/Karton kann ein 40-Fu\u00df-K\u00fchlcontainer 2254 CTNS laden.<\/p>\n<p>3) Wenn in 15kg\/Karton verpackt, kann ein 40ft K\u00fchlcontainer 1661 CTNS laden.<\/p>\n<p>4) Wenn in 18kg\/Karton verpackt, kann ein 40ft K\u00fchlcontainer 1288 CTNS laden.<\/p>\n<p>5) Wenn in 18kg\/Karton verpackt, kann ein 40ft Reefer Container 1300 CTNS laden.<\/p>","protected":false},"excerpt":{"rendered":"<p>Sorte\uff1aYa-Birne, Goldene Birne, Shandong-Birne, Su-Birne, Kronen-Birne<br \/>\nLagerung\uff1a0~3 \u00b0C<br \/>\nVerladehafen\uff1aQingdao, China<br \/>\nLieferf\u00e4higkeit: 1000 Tonnen pro Monat<\/p>","protected":false},"featured_media":1189,"template":"","meta":{"site-sidebar-layout":"default","site-content-layout":"","ast-site-content-layout":"default","site-content-style":"default","site-sidebar-style":"default","ast-global-header-display":"","ast-banner-title-visibility":"","ast-main-header-display":"","ast-hfb-above-header-display":"","ast-hfb-below-header-display":"","ast-hfb-mobile-header-display":"","site-post-title":"","ast-breadcrumbs-content":"","ast-featured-img":"","footer-sml-layout":"","theme-transparent-header-meta":"default","adv-header-id-meta":"","stick-header-meta":"","header-above-stick-meta":"","header-main-stick-meta":"","header-below-stick-meta":"","astra-migrate-meta-layouts":"set","ast-page-background-enabled":"default","ast-page-background-meta":{"desktop":{"background-color":"var(--ast-global-color-5)","background-image":"","background-repeat":"repeat","background-position":"center center","background-size":"auto","background-attachment":"scroll","background-type":"","background-media":"","overlay-type":"","overlay-color":"","overlay-opacity":"","overlay-gradient":""},"tablet":{"background-color":"","background-image":"","background-repeat":"repeat","background-position":"center center","background-size":"auto","background-attachment":"scroll","background-type":"","background-media":"","overlay-type":"","overlay-color":"","overlay-opacity":"","overlay-gradient":""},"mobile":{"background-color":"","background-image":"","background-repeat":"repeat","background-position":"center center","background-size":"auto","background-attachment":"scroll","background-type":"","background-media":"","overlay-type":"","overlay-color":"","overlay-opacity":"","overlay-gradient":""}},"ast-content-background-meta":{"desktop":{"background-color":"var(--ast-global-color-4)","background-image":"","background-repeat":"repeat","background-position":"center center","background-size":"auto","background-attachment":"scroll","background-type":"","background-media":"","overlay-type":"","overlay-color":"","overlay-opacity":"","overlay-gradient":""},"tablet":{"background-color":"var(--ast-global-color-4)","background-image":"","background-repeat":"repeat","background-position":"center center","background-size":"auto","background-attachment":"scroll","background-type":"","background-media":"","overlay-type":"","overlay-color":"","overlay-opacity":"","overlay-gradient":""},"mobile":{"background-color":"var(--ast-global-color-4)","background-image":"","background-repeat":"repeat","background-position":"center center","background-size":"auto","background-attachment":"scroll","background-type":"","background-media":"","overlay-type":"","overlay-color":"","overlay-opacity":"","overlay-gradient":""}}},"product_brand":[],"product_cat":[38,18],"product_tag":[],"class_list":{"0":"post-1238","1":"product","2":"type-product","3":"status-publish","4":"has-post-thumbnail","6":"product_cat-fresh-fruits-vegetables","7":"product_cat-products","8":"wcmi-has-gallery","9":"desktop-align-left","10":"tablet-align-left","11":"mobile-align-left","13":"first","14":"instock","15":"shipping-taxable","16":"product-type-simple"},"_links":{"self":[{"href":"https:\/\/freshgarlic.com\/de\/wp-json\/wp\/v2\/product\/1238","targetHints":{"allow":["GET"]}}],"collection":[{"href":"https:\/\/freshgarlic.com\/de\/wp-json\/wp\/v2\/product"}],"about":[{"href":"https:\/\/freshgarlic.com\/de\/wp-json\/wp\/v2\/types\/product"}],"wp:featuredmedia":[{"embeddable":true,"href":"https:\/\/freshgarlic.com\/de\/wp-json\/wp\/v2\/media\/1189"}],"wp:attachment":[{"href":"https:\/\/freshgarlic.com\/de\/wp-json\/wp\/v2\/media?parent=1238"}],"wp:term":[{"taxonomy":"product_brand","embeddable":true,"href":"https:\/\/freshgarlic.com\/de\/wp-json\/wp\/v2\/product_brand?post=1238"},{"taxonomy":"product_cat","embeddable":true,"href":"https:\/\/freshgarlic.com\/de\/wp-json\/wp\/v2\/product_cat?post=1238"},{"taxonomy":"product_tag","embeddable":true,"href":"https:\/\/freshgarlic.com\/de\/wp-json\/wp\/v2\/product_tag?post=1238"}],"curies":[{"name":"wp","href":"https:\/\/api.w.org\/{rel}","templated":true}]}}